{"id":8029,"date":"2025-09-04T21:33:06","date_gmt":"2025-09-04T21:33:06","guid":{"rendered":"http:\/\/asapofanderson.org\/?page_id=8029"},"modified":"2025-09-04T21:34:18","modified_gmt":"2025-09-04T21:34:18","slug":"get-connected","status":"publish","type":"page","link":"https:\/\/asapofanderson.org\/es\/get-connected\/","title":{"rendered":"Con\u00e9ctate"},"content":{"rendered":"<div class=\"wp-block-stackable-columns alignfull stk-block-columns stk-block stk-64d09eb stk-block-background\" data-block-id=\"64d09eb\"><style>.stk-64d09eb {background-color:#ffffff !important;margin-bottom:0px !important;}.stk-64d09eb:before{background-color:#ffffff !important;}.stk-64d09eb-column{--stk-columns-spacing:var(--stk--preset--spacing--70, 3.38rem) !important;}<\/style><div class=\"stk-row stk-inner-blocks stk-block-content stk-content-align stk-64d09eb-column alignfull\">\n<div class=\"wp-block-stackable-column stk-block-column stk-column stk-block stk-82a32bb\" data-v=\"4\" data-block-id=\"82a32bb\"><div class=\"stk-column-wrapper stk-block-column__content stk-container stk-82a32bb-container stk--no-background stk--no-padding\"><div class=\"stk-block-content stk-inner-blocks stk-82a32bb-inner-blocks\">\n<div class=\"wp-block-stackable-columns stk-block-columns stk-block stk-f6a8544\" data-block-id=\"f6a8544\"><style>.stk-f6a8544 .stk--block-align-f6a8544{align-items:flex-start !important;}.stk-f6a8544-column{max-width:1290px !important;min-width:auto !important;}<\/style><div class=\"stk-row stk-inner-blocks stk--block-align-f6a8544 stk-block-content stk-content-align stk-f6a8544-column\">\n<div class=\"wp-block-stackable-column stk-block-column stk-column stk-block stk-fd01900\" data-v=\"4\" data-block-id=\"fd01900\"><style>.stk-fd01900-inner-blocks{justify-content:center !important;}<\/style><div class=\"stk-column-wrapper stk-block-column__content stk-container stk-fd01900-container stk--no-background stk--no-padding\"><div class=\"stk--column-flex stk-block-content stk-inner-blocks stk-fd01900-inner-blocks\">\n<div class=\"wp-block-stackable-heading stk-block-heading stk-block-heading--v2 stk-block stk-b97c70e\" id=\"get-connected\" data-block-id=\"b97c70e\"><h2 class=\"stk-block-heading__text\">Con\u00e9ctate<\/h2><\/div>\n\n\n\n<div class=\"wp-block-stackable-text stk-block-text stk-block stk-ee794ac\" id=\"alcohol-and-or-tobacco-outlets-located-in-anderson-county-tennessee-can-receive-the-age-verification-resources-listed-below-free-of-charge-please-place-an-order-for-any-materials-you-would-like-to-receive-and-they-will-be-delivered-to-you-you-will-receive-resources-corresponding-to-the-calendar-year-of-the-date-of-order-i-e-2022\" data-block-id=\"ee794ac\"><p class=\"stk-block-text__text\">En ASAP de Anderson, sabemos que la prevenci\u00f3n comienza con la conexi\u00f3n. Ya sea que est\u00e9 buscando mantenerse informado, involucrarse o simplemente acercarse, esta p\u00e1gina es su centro para construir lazos m\u00e1s fuertes con nuestra coalici\u00f3n y comunidad. Explore las opciones que aparecen a continuaci\u00f3n para ponerse en contacto con nosotros directamente, consultar los pr\u00f3ximos eventos, leer nuestras \u00faltimas actualizaciones, suscribirse a nuestro bolet\u00edn de noticias o inscribirse como voluntario. Juntos, podemos crear un Condado de Anderson m\u00e1s saludable y libre de drogas.<\/p><\/div>\n<\/div><\/div><\/div>\n<\/div><\/div>\n<\/div><\/div><\/div>\n<\/div><\/div>\n\n\n\n<div class=\"wp-block-stackable-columns alignfull stk-block-columns stk-block stk-0dbb840 stk-block-background\" data-block-id=\"0dbb840\"><style>.stk-0dbb840 {background-color:var(--theme-palette-color-7, #FAFBFC) !important;margin-bottom:0px !important;}.stk-0dbb840:before{background-color:var(--theme-palette-color-7, #FAFBFC) !important;}.stk-0dbb840-column{--stk-columns-spacing:var(--stk--preset--spacing--70, 3.38rem) !important;}<\/style><div class=\"stk-row stk-inner-blocks stk-block-content stk-content-align stk-0dbb840-column alignfull\">\n<div class=\"wp-block-stackable-column stk-block-column stk-column stk-block stk-7e8ae70\" data-v=\"4\" data-block-id=\"7e8ae70\"><div class=\"stk-column-wrapper stk-block-column__content stk-container stk-7e8ae70-container stk--no-background stk--no-padding\"><div class=\"stk-block-content stk-inner-blocks stk-7e8ae70-inner-blocks\">\n<div class=\"wp-block-stackable-columns stk-block-columns stk-block stk-19c49ee\" data-block-id=\"19c49ee\"><style>.stk-19c49ee .stk--block-align-19c49ee{align-items:flex-start !important;}.stk-19c49ee-column{max-width:1290px !important;min-width:auto !important;}<\/style><div class=\"stk-row stk-inner-blocks stk--block-align-19c49ee stk-block-content stk-content-align stk-19c49ee-column\">\n<div class=\"wp-block-stackable-column stk-block-column stk-column stk-block stk-0aba513\" data-v=\"4\" data-block-id=\"0aba513\"><style>.stk-0aba513-inner-blocks{justify-content:center !important;}<\/style><div class=\"stk-column-wrapper stk-block-column__content stk-container stk-0aba513-container stk--no-background stk--no-padding\"><div class=\"stk--column-flex stk-block-content stk-inner-blocks stk-0aba513-inner-blocks\">\n<div class=\"wp-block-stackable-button-group stk-block-button-group stk-block stk-06932f3\" data-block-id=\"06932f3\"><style>.stk-06932f3 .stk-button-group{flex-direction:column !important;align-items:center !important;}.stk-06932f3 .stk-block{flex-basis:auto !important;}.stk-06932f3 .stk-inner-blocks{row-gap:20px !important;}<\/style><div class=\"stk-row stk-inner-blocks has-text-align-center stk-block-content stk-button-group\">\n<div class=\"wp-block-stackable-button stk-block-button stk-block stk-c53dc44\" data-block-id=\"c53dc44\"><style>.stk-c53dc44 .stk-button{padding-right:var(--stk--preset--spacing--50, 1.5rem) !important;padding-left:var(--stk--preset--spacing--50, 1.5rem) !important;background:var(--theme-palette-color-4, #1c3955) !important;border-top-left-radius:var(--stk--preset--border-radius--full, 9999px) !important;border-top-right-radius:var(--stk--preset--border-radius--full, 9999px) !important;border-bottom-right-radius:var(--stk--preset--border-radius--full, 9999px) !important;border-bottom-left-radius:var(--stk--preset--border-radius--full, 9999px) !important;}<\/style><a class=\"stk-link stk-button stk--hover-effect-darken\" href=\"http:\/\/asapofanderson.org\/es\/contact\/\"><span class=\"stk-button__inner-text\">P\u00f3ngase en contacto con<\/span><\/a><\/div>\n\n\n\n<div class=\"wp-block-stackable-button stk-block-button stk-block stk-ea7a2e4\" data-block-id=\"ea7a2e4\"><style>.stk-ea7a2e4 .stk-button{padding-right:var(--stk--preset--spacing--50, 1.5rem) !important;padding-left:var(--stk--preset--spacing--50, 1.5rem) !important;background:var(--theme-palette-color-4, #1c3955) !important;border-top-left-radius:var(--stk--preset--border-radius--full, 9999px) !important;border-top-right-radius:var(--stk--preset--border-radius--full, 9999px) !important;border-bottom-right-radius:var(--stk--preset--border-radius--full, 9999px) !important;border-bottom-left-radius:var(--stk--preset--border-radius--full, 9999px) !important;}<\/style><a class=\"stk-link stk-button stk--hover-effect-darken\" href=\"http:\/\/asapofanderson.org\/es\/calendar\/\"><span class=\"stk-button__inner-text\">Calendario<\/span><\/a><\/div>\n\n\n\n<div class=\"wp-block-stackable-button stk-block-button stk-block stk-95f3acb\" data-block-id=\"95f3acb\"><style>.stk-95f3acb .stk-button{padding-right:var(--stk--preset--spacing--50, 1.5rem) !important;padding-left:var(--stk--preset--spacing--50, 1.5rem) !important;background:var(--theme-palette-color-4, #1c3955) !important;border-top-left-radius:var(--stk--preset--border-radius--full, 9999px) !important;border-top-right-radius:var(--stk--preset--border-radius--full, 9999px) !important;border-bottom-right-radius:var(--stk--preset--border-radius--full, 9999px) !important;border-bottom-left-radius:var(--stk--preset--border-radius--full, 9999px) !important;}<\/style><a class=\"stk-link stk-button stk--hover-effect-darken\" href=\"http:\/\/asapofanderson.org\/es\/volunteer\/\"><span class=\"stk-button__inner-text\">Voluntario<\/span><\/a><\/div>\n\n\n\n<div class=\"wp-block-stackable-button stk-block-button stk-block stk-2637739\" data-block-id=\"2637739\"><style>.stk-2637739 .stk-button{padding-right:var(--stk--preset--spacing--50, 1.5rem) !important;padding-left:var(--stk--preset--spacing--50, 1.5rem) !important;background:var(--theme-palette-color-4, #1c3955) !important;border-top-left-radius:var(--stk--preset--border-radius--full, 9999px) !important;border-top-right-radius:var(--stk--preset--border-radius--full, 9999px) !important;border-bottom-right-radius:var(--stk--preset--border-radius--full, 9999px) !important;border-bottom-left-radius:var(--stk--preset--border-radius--full, 9999px) !important;}<\/style><a class=\"stk-link stk-button stk--hover-effect-darken\" href=\"https:\/\/asapofanderson.us5.list-manage.com\/subscribe?u=9979c6b6a756af0149df31e9d&amp;id=09166c9a90\" target=\"_blank\" rel=\"noreferrer noopener\"><span class=\"stk-button__inner-text\">Bolet\u00edn<\/span><\/a><\/div>\n\n\n\n<div class=\"wp-block-stackable-button stk-block-button stk-block stk-902824d\" data-block-id=\"902824d\"><style>.stk-902824d .stk-button{padding-right:var(--stk--preset--spacing--50, 1.5rem) !important;padding-left:var(--stk--preset--spacing--50, 1.5rem) !important;background:var(--theme-palette-color-4, #1c3955) !important;border-top-left-radius:var(--stk--preset--border-radius--full, 9999px) !important;border-top-right-radius:var(--stk--preset--border-radius--full, 9999px) !important;border-bottom-right-radius:var(--stk--preset--border-radius--full, 9999px) !important;border-bottom-left-radius:var(--stk--preset--border-radius--full, 9999px) !important;}<\/style><a class=\"stk-link stk-button stk--hover-effect-darken\" href=\"http:\/\/asapofanderson.org\/es\/blog\/\"><span class=\"stk-button__inner-text\">Blog<\/span><\/a><\/div>\n<\/div><\/div>\n<\/div><\/div><\/div>\n<\/div><\/div>\n<\/div><\/div><\/div>\n<\/div><\/div>","protected":false},"excerpt":{"rendered":"<p>Get Connected At\u00a0ASAP of Anderson, we know prevention starts with connection. Whether you\u2019re looking to stay informed, get involved, or simply reach out, this page is your hub for building stronger ties with our coalition and community. Explore the options below to contact us directly, check out upcoming events, read our latest updates, subscribe to [&hellip;]<\/p>\n","protected":false},"author":1,"featured_media":0,"parent":0,"menu_order":0,"comment_status":"closed","ping_status":"closed","template":"","meta":{"footnotes":""},"class_list":["post-8029","page","type-page","status-publish","hentry"],"blocksy_meta":{"has_hero_section":"disabled","vertical_spacing_source":"custom","content_area_spacing":"none","styles_descriptor":{"styles":{"desktop":"","tablet":"","mobile":""},"google_fonts":[],"version":6}},"yoast_head":"<!-- This site is optimized with the Yoast SEO plugin v27.4 - https:\/\/yoast.com\/product\/yoast-seo-wordpress\/ -->\n<title>Get Connected - ASAP of Anderson<\/title>\n<meta name=\"robots\" content=\"index, follow, max-snippet:-1, max-image-preview:large, max-video-preview:-1\" \/>\n<link rel=\"canonical\" href=\"https:\/\/asapofanderson.org\/es\/get-connected\/\" \/>\n<meta property=\"og:locale\" content=\"es_MX\" \/>\n<meta property=\"og:type\" content=\"article\" \/>\n<meta property=\"og:title\" content=\"Get Connected - ASAP of Anderson\" \/>\n<meta property=\"og:description\" content=\"Get Connected At\u00a0ASAP of Anderson, we know prevention starts with connection. Whether you\u2019re looking to stay informed, get involved, or simply reach out, this page is your hub for building stronger ties with our coalition and community. Explore the options below to contact us directly, check out upcoming events, read our latest updates, subscribe to [&hellip;]\" \/>\n<meta property=\"og:url\" content=\"https:\/\/asapofanderson.org\/es\/get-connected\/\" \/>\n<meta property=\"og:site_name\" content=\"ASAP of Anderson\" \/>\n<meta property=\"article:publisher\" content=\"https:\/\/www.facebook.com\/ASAPofAnderson\" \/>\n<meta property=\"article:modified_time\" content=\"2025-09-04T21:34:18+00:00\" \/>\n<meta name=\"twitter:card\" content=\"summary_large_image\" \/>\n<script type=\"application\/ld+json\" class=\"yoast-schema-graph\">{\"@context\":\"https:\\\/\\\/schema.org\",\"@graph\":[{\"@type\":\"WebPage\",\"@id\":\"https:\\\/\\\/asapofanderson.org\\\/get-connected\\\/\",\"url\":\"https:\\\/\\\/asapofanderson.org\\\/get-connected\\\/\",\"name\":\"Get Connected - ASAP of Anderson\",\"isPartOf\":{\"@id\":\"https:\\\/\\\/asapofanderson.org\\\/#website\"},\"datePublished\":\"2025-09-04T21:33:06+00:00\",\"dateModified\":\"2025-09-04T21:34:18+00:00\",\"breadcrumb\":{\"@id\":\"https:\\\/\\\/asapofanderson.org\\\/get-connected\\\/#breadcrumb\"},\"inLanguage\":\"es\",\"potentialAction\":[{\"@type\":\"ReadAction\",\"target\":[\"https:\\\/\\\/asapofanderson.org\\\/get-connected\\\/\"]}]},{\"@type\":\"BreadcrumbList\",\"@id\":\"https:\\\/\\\/asapofanderson.org\\\/get-connected\\\/#breadcrumb\",\"itemListElement\":[{\"@type\":\"ListItem\",\"position\":1,\"name\":\"Home\",\"item\":\"https:\\\/\\\/asapofanderson.org\\\/\"},{\"@type\":\"ListItem\",\"position\":2,\"name\":\"Get Connected\"}]},{\"@type\":\"WebSite\",\"@id\":\"https:\\\/\\\/asapofanderson.org\\\/#website\",\"url\":\"https:\\\/\\\/asapofanderson.org\\\/\",\"name\":\"ASAP of Anderson\",\"description\":\"Preventing Substance Misuse in Anderson County\",\"publisher\":{\"@id\":\"https:\\\/\\\/asapofanderson.org\\\/#organization\"},\"potentialAction\":[{\"@type\":\"SearchAction\",\"target\":{\"@type\":\"EntryPoint\",\"urlTemplate\":\"https:\\\/\\\/asapofanderson.org\\\/?s={search_term_string}\"},\"query-input\":{\"@type\":\"PropertyValueSpecification\",\"valueRequired\":true,\"valueName\":\"search_term_string\"}}],\"inLanguage\":\"es\"},{\"@type\":\"Organization\",\"@id\":\"https:\\\/\\\/asapofanderson.org\\\/#organization\",\"name\":\"ASAP of Anderson\",\"url\":\"https:\\\/\\\/asapofanderson.org\\\/\",\"logo\":{\"@type\":\"ImageObject\",\"inLanguage\":\"es\",\"@id\":\"https:\\\/\\\/asapofanderson.org\\\/#\\\/schema\\\/logo\\\/image\\\/\",\"url\":\"https:\\\/\\\/asapofanderson.org\\\/wp-content\\\/uploads\\\/2025\\\/06\\\/ASAP-Final-Logo.png\",\"contentUrl\":\"https:\\\/\\\/asapofanderson.org\\\/wp-content\\\/uploads\\\/2025\\\/06\\\/ASAP-Final-Logo.png\",\"width\":400,\"height\":157,\"caption\":\"ASAP of Anderson\"},\"image\":{\"@id\":\"https:\\\/\\\/asapofanderson.org\\\/#\\\/schema\\\/logo\\\/image\\\/\"},\"sameAs\":[\"https:\\\/\\\/www.facebook.com\\\/ASAPofAnderson\",\"https:\\\/\\\/www.instagram.com\\\/asapofanderson\\\/\"]}]}<\/script>\n<!-- \/ Yoast SEO plugin. -->","yoast_head_json":{"title":"Get Connected - ASAP of Anderson","robots":{"index":"index","follow":"follow","max-snippet":"max-snippet:-1","max-image-preview":"max-image-preview:large","max-video-preview":"max-video-preview:-1"},"canonical":"https:\/\/asapofanderson.org\/es\/get-connected\/","og_locale":"es_MX","og_type":"article","og_title":"Get Connected - ASAP of Anderson","og_description":"Get Connected At\u00a0ASAP of Anderson, we know prevention starts with connection. Whether you\u2019re looking to stay informed, get involved, or simply reach out, this page is your hub for building stronger ties with our coalition and community. Explore the options below to contact us directly, check out upcoming events, read our latest updates, subscribe to [&hellip;]","og_url":"https:\/\/asapofanderson.org\/es\/get-connected\/","og_site_name":"ASAP of Anderson","article_publisher":"https:\/\/www.facebook.com\/ASAPofAnderson","article_modified_time":"2025-09-04T21:34:18+00:00","twitter_card":"summary_large_image","schema":{"@context":"https:\/\/schema.org","@graph":[{"@type":"WebPage","@id":"https:\/\/asapofanderson.org\/get-connected\/","url":"https:\/\/asapofanderson.org\/get-connected\/","name":"Get Connected - ASAP of Anderson","isPartOf":{"@id":"https:\/\/asapofanderson.org\/#website"},"datePublished":"2025-09-04T21:33:06+00:00","dateModified":"2025-09-04T21:34:18+00:00","breadcrumb":{"@id":"https:\/\/asapofanderson.org\/get-connected\/#breadcrumb"},"inLanguage":"es","potentialAction":[{"@type":"ReadAction","target":["https:\/\/asapofanderson.org\/get-connected\/"]}]},{"@type":"BreadcrumbList","@id":"https:\/\/asapofanderson.org\/get-connected\/#breadcrumb","itemListElement":[{"@type":"ListItem","position":1,"name":"Home","item":"https:\/\/asapofanderson.org\/"},{"@type":"ListItem","position":2,"name":"Get Connected"}]},{"@type":"WebSite","@id":"https:\/\/asapofanderson.org\/#website","url":"https:\/\/asapofanderson.org\/","name":"ASAP de Anderson","description":"Preventing Substance Misuse in Anderson County","publisher":{"@id":"https:\/\/asapofanderson.org\/#organization"},"potentialAction":[{"@type":"SearchAction","target":{"@type":"EntryPoint","urlTemplate":"https:\/\/asapofanderson.org\/?s={search_term_string}"},"query-input":{"@type":"PropertyValueSpecification","valueRequired":true,"valueName":"search_term_string"}}],"inLanguage":"es"},{"@type":"Organization","@id":"https:\/\/asapofanderson.org\/#organization","name":"ASAP de Anderson","url":"https:\/\/asapofanderson.org\/","logo":{"@type":"ImageObject","inLanguage":"es","@id":"https:\/\/asapofanderson.org\/#\/schema\/logo\/image\/","url":"https:\/\/asapofanderson.org\/wp-content\/uploads\/2025\/06\/ASAP-Final-Logo.png","contentUrl":"https:\/\/asapofanderson.org\/wp-content\/uploads\/2025\/06\/ASAP-Final-Logo.png","width":400,"height":157,"caption":"ASAP of Anderson"},"image":{"@id":"https:\/\/asapofanderson.org\/#\/schema\/logo\/image\/"},"sameAs":["https:\/\/www.facebook.com\/ASAPofAnderson","https:\/\/www.instagram.com\/asapofanderson\/"]}]}},"_links":{"self":[{"href":"https:\/\/asapofanderson.org\/es\/wp-json\/wp\/v2\/pages\/8029","targetHints":{"allow":["GET"]}}],"collection":[{"href":"https:\/\/asapofanderson.org\/es\/wp-json\/wp\/v2\/pages"}],"about":[{"href":"https:\/\/asapofanderson.org\/es\/wp-json\/wp\/v2\/types\/page"}],"author":[{"embeddable":true,"href":"https:\/\/asapofanderson.org\/es\/wp-json\/wp\/v2\/users\/1"}],"replies":[{"embeddable":true,"href":"https:\/\/asapofanderson.org\/es\/wp-json\/wp\/v2\/comments?post=8029"}],"version-history":[{"count":2,"href":"https:\/\/asapofanderson.org\/es\/wp-json\/wp\/v2\/pages\/8029\/revisions"}],"predecessor-version":[{"id":8032,"href":"https:\/\/asapofanderson.org\/es\/wp-json\/wp\/v2\/pages\/8029\/revisions\/8032"}],"wp:attachment":[{"href":"https:\/\/asapofanderson.org\/es\/wp-json\/wp\/v2\/media?parent=8029"}],"curies":[{"name":"wp","href":"https:\/\/api.w.org\/{rel}","templated":true}]}}