{"id":7810,"date":"2025-09-04T17:24:48","date_gmt":"2025-09-04T17:24:48","guid":{"rendered":"http:\/\/asapofanderson.org\/?page_id=7810"},"modified":"2025-09-04T17:34:22","modified_gmt":"2025-09-04T17:34:22","slug":"mission-vision-values","status":"publish","type":"page","link":"https:\/\/asapofanderson.org\/es\/mission-vision-values\/","title":{"rendered":"Misi\u00f3n Visi\u00f3n Valores"},"content":{"rendered":"<div class=\"wp-block-stackable-columns alignfull stk-block-columns stk-block stk-64d09eb stk-block-background\" data-block-id=\"64d09eb\"><style>.stk-64d09eb {background-color:#ffffff !important;margin-bottom:0px !important;}.stk-64d09eb:before{background-color:#ffffff !important;}.stk-64d09eb-column{--stk-columns-spacing:var(--stk--preset--spacing--70, 3.38rem) !important;}<\/style><div class=\"stk-row stk-inner-blocks stk-block-content stk-content-align stk-64d09eb-column alignfull\">\n<div class=\"wp-block-stackable-column stk-block-column stk-column stk-block stk-82a32bb\" data-v=\"4\" data-block-id=\"82a32bb\"><div class=\"stk-column-wrapper stk-block-column__content stk-container stk-82a32bb-container stk--no-background stk--no-padding\"><div class=\"stk-block-content stk-inner-blocks stk-82a32bb-inner-blocks\">\n<div class=\"wp-block-stackable-columns stk-block-columns stk-block stk-f6a8544\" data-block-id=\"f6a8544\"><style>.stk-f6a8544 .stk--block-align-f6a8544{align-items:flex-start !important;}.stk-f6a8544-column{max-width:1290px !important;min-width:auto !important;}<\/style><div class=\"stk-row stk-inner-blocks stk--block-align-f6a8544 stk-block-content stk-content-align stk-f6a8544-column\">\n<div class=\"wp-block-stackable-column stk-block-column stk-column stk-block stk-fd01900\" data-v=\"4\" data-block-id=\"fd01900\"><style>.stk-fd01900-inner-blocks{justify-content:center !important;}<\/style><div class=\"stk-column-wrapper stk-block-column__content stk-container stk-fd01900-container stk--no-background stk--no-padding\"><div class=\"stk--column-flex stk-block-content stk-inner-blocks stk-fd01900-inner-blocks\">\n<div class=\"wp-block-stackable-heading stk-block-heading stk-block-heading--v2 stk-block stk-b97c70e\" id=\"mission-vision-values\" data-block-id=\"b97c70e\"><h2 class=\"stk-block-heading__text\">Misi\u00f3n, Visi\u00f3n, Valores<\/h2><\/div>\n<\/div><\/div><\/div>\n<\/div><\/div>\n<\/div><\/div><\/div>\n<\/div><\/div>\n\n\n\n<div class=\"wp-block-stackable-columns alignfull stk-block-columns stk-block stk-0dbb840 stk-block-background stk--has-background-overlay\" data-block-id=\"0dbb840\"><style>.stk-0dbb840 {background-color:var(--theme-palette-color-7, #FAFBFC) !important;background-image:url(http:\/\/asapofanderson.org\/wp-content\/uploads\/2025\/07\/asap_gear_bkg_reflect.jpg) !important;margin-bottom:0px !important;}.stk-0dbb840:before{background-color:var(--theme-palette-color-7, #FAFBFC) !important;opacity:0.5 !important;}.stk-0dbb840-column{--stk-columns-spacing:var(--stk--preset--spacing--70, 3.38rem) !important;}<\/style><div class=\"stk-row stk-inner-blocks stk-block-content stk-content-align stk-0dbb840-column alignfull\">\n<div class=\"wp-block-stackable-column stk-block-column stk-column stk-block stk-7e8ae70\" data-v=\"4\" data-block-id=\"7e8ae70\"><div class=\"stk-column-wrapper stk-block-column__content stk-container stk-7e8ae70-container stk--no-background stk--no-padding\"><div class=\"stk-block-content stk-inner-blocks stk-7e8ae70-inner-blocks\">\n<div class=\"wp-block-stackable-columns stk-block-columns stk-block stk-19c49ee\" data-block-id=\"19c49ee\"><style>.stk-19c49ee .stk--block-align-19c49ee{align-items:flex-start !important;}.stk-19c49ee-column{max-width:1290px !important;min-width:auto !important;}<\/style><div class=\"stk-row stk-inner-blocks stk--block-align-19c49ee stk-block-content stk-content-align stk-19c49ee-column\">\n<div class=\"wp-block-stackable-column stk-block-column stk-column stk-block stk-0aba513\" data-v=\"4\" data-block-id=\"0aba513\"><style>.stk-0aba513-inner-blocks{justify-content:center !important;}<\/style><div class=\"stk-column-wrapper stk-block-column__content stk-container stk-0aba513-container stk--no-background stk--no-padding\"><div class=\"stk--column-flex stk-block-content stk-inner-blocks stk-0aba513-inner-blocks\">\n<div class=\"wp-block-stackable-heading stk-block-heading stk-block-heading--v2 stk-block stk-a7d0d2d\" id=\"our-mission\" data-block-id=\"a7d0d2d\"><style>.stk-a7d0d2d .stk-block-heading__bottom-line{background-color:var(--theme-palette-color-2, #4792c4) !important;margin-left:auto !important;margin-right:auto !important;}<\/style><h2 class=\"stk-block-heading__text has-text-align-center\">Nuestra misi\u00f3n<\/h2><div class=\"stk-block-heading__bottom-line\"><\/div><\/div>\n\n\n\n<div class=\"wp-block-stackable-heading stk-block-heading stk-block-heading--v2 stk-block stk-cd49b00\" id=\"asap-of-andersons-mission-is-to-prevent-and-reduce-substance-misuse-among-youth-and-adults-in-anderson-county\" data-block-id=\"cd49b00\"><h3 class=\"stk-block-heading__text has-text-align-center\">La misi\u00f3n de ASAP de Anderson es prevenir y reducir el abuso de sustancias entre j\u00f3venes y adultos en el condado de Anderson.<\/h3><\/div>\n<\/div><\/div><\/div>\n<\/div><\/div>\n<\/div><\/div><\/div>\n<\/div><\/div>\n\n\n\n<div class=\"wp-block-stackable-columns alignfull stk-block-columns stk-block stk-20ebe71 stk-block-background\" data-block-id=\"20ebe71\"><style>.stk-20ebe71 {background-color:var(--theme-palette-color-2, #4792c4) !important;margin-bottom:0px !important;}.stk-20ebe71:before{background-color:var(--theme-palette-color-2, #4792c4) !important;}.stk-20ebe71-column{--stk-columns-spacing:var(--stk--preset--spacing--70, 3.38rem) !important;}<\/style><div class=\"stk-row stk-inner-blocks stk-block-content stk-content-align stk-20ebe71-column alignfull\">\n<div class=\"wp-block-stackable-column stk-block-column stk-column stk-block stk-9e33f72\" data-v=\"4\" data-block-id=\"9e33f72\"><div class=\"stk-column-wrapper stk-block-column__content stk-container stk-9e33f72-container stk--no-background stk--no-padding\"><div class=\"stk-block-content stk-inner-blocks stk-9e33f72-inner-blocks\">\n<div class=\"wp-block-stackable-columns stk-block-columns stk-block stk-a24df5c\" data-block-id=\"a24df5c\"><style>.stk-a24df5c .stk--block-align-a24df5c{align-items:flex-start !important;}.stk-a24df5c-column{max-width:1290px !important;min-width:auto !important;}<\/style><div class=\"stk-row stk-inner-blocks stk--block-align-a24df5c stk-block-content stk-content-align stk-a24df5c-column\">\n<div class=\"wp-block-stackable-column stk-block-column stk-column stk-block stk-463b564\" data-v=\"4\" data-block-id=\"463b564\"><style>.stk-463b564-inner-blocks{justify-content:center !important;}<\/style><div class=\"stk-column-wrapper stk-block-column__content stk-container stk-463b564-container stk--no-background stk--no-padding\"><div class=\"stk--column-flex stk-block-content stk-inner-blocks stk-463b564-inner-blocks\">\n<div class=\"wp-block-stackable-heading stk-block-heading stk-block-heading--v2 stk-block stk-33e7baa\" id=\"our-visio\" data-block-id=\"33e7baa\"><style>.stk-33e7baa .stk-block-heading__bottom-line{background-color:var(--theme-palette-color-8, #ffffff) !important;margin-left:auto !important;margin-right:auto !important;}.stk-33e7baa .stk-block-heading__text{color:var(--theme-palette-color-8, #ffffff) !important;}<\/style><h2 class=\"stk-block-heading__text has-text-color has-text-align-center\">Nuestra visi\u00f3n<\/h2><div class=\"stk-block-heading__bottom-line\"><\/div><\/div>\n\n\n\n<div class=\"wp-block-stackable-heading stk-block-heading stk-block-heading--v2 stk-block stk-4c36195\" id=\"a-drug-free-anderson-county\" data-block-id=\"4c36195\"><style>.stk-4c36195 .stk-block-heading__text{color:var(--theme-palette-color-8, #ffffff) !important;}<\/style><h3 class=\"stk-block-heading__text has-text-color has-text-align-center\">Un Condado de Anderson libre de drogas.<\/h3><\/div>\n<\/div><\/div><\/div>\n<\/div><\/div>\n<\/div><\/div><\/div>\n<\/div><\/div>\n\n\n\n<div class=\"wp-block-stackable-columns alignfull stk-block-columns stk-block stk-85812de stk-block-background\" data-block-id=\"85812de\"><style>.stk-85812de {background-color:var(--theme-palette-color-6, #f2f5f7) !important;margin-bottom:0px !important;}.stk-85812de:before{background-color:var(--theme-palette-color-6, #f2f5f7) !important;}.stk-85812de-column{--stk-columns-spacing:var(--stk--preset--spacing--70, 3.38rem) !important;}<\/style><div class=\"stk-row stk-inner-blocks stk-block-content stk-content-align stk-85812de-column alignfull\">\n<div class=\"wp-block-stackable-column stk-block-column stk-column stk-block stk-37fcbe2\" data-v=\"4\" data-block-id=\"37fcbe2\"><div class=\"stk-column-wrapper stk-block-column__content stk-container stk-37fcbe2-container stk--no-background stk--no-padding\"><div class=\"stk-block-content stk-inner-blocks stk-37fcbe2-inner-blocks\">\n<div class=\"wp-block-stackable-columns stk-block-columns stk-block stk-e336e1a\" data-block-id=\"e336e1a\"><style>.stk-e336e1a .stk--block-align-e336e1a{align-items:flex-start !important;}.stk-e336e1a-column{max-width:1290px !important;min-width:auto !important;}<\/style><div class=\"stk-row stk-inner-blocks stk--block-align-e336e1a stk-block-content stk-content-align stk-e336e1a-column\">\n<div class=\"wp-block-stackable-column stk-block-column stk-column stk-block stk-dcb0695\" data-v=\"4\" data-block-id=\"dcb0695\"><style>.stk-dcb0695-inner-blocks{justify-content:center !important;}<\/style><div class=\"stk-column-wrapper stk-block-column__content stk-container stk-dcb0695-container stk--no-background stk--no-padding\"><div class=\"stk--column-flex stk-block-content stk-inner-blocks stk-dcb0695-inner-blocks\">\n<div class=\"wp-block-stackable-heading stk-block-heading stk-block-heading--v2 stk-block stk-eb85638\" id=\"our-visio\" data-block-id=\"eb85638\"><style>.stk-eb85638 .stk-block-heading__bottom-line{background-color:var(--theme-palette-color-2, #4792c4) !important;margin-left:auto !important;margin-right:auto !important;}<\/style><h2 class=\"stk-block-heading__text has-text-align-center\">Nuestros valores<\/h2><div class=\"stk-block-heading__bottom-line\"><\/div><\/div>\n\n\n\n<div class=\"wp-block-stackable-heading stk-block-heading stk-block-heading--v2 stk-block stk-381d99e\" id=\"prevention\" data-block-id=\"381d99e\"><style>.stk-381d99e {margin-bottom:0px !important;}.stk-381d99e .stk-block-heading__text{color:var(--theme-palette-color-2, #4792c4) !important;}<\/style><h4 class=\"stk-block-heading__text has-text-color\">PREVENCI\u00d3N<\/h4><\/div>\n\n\n\n<div class=\"wp-block-stackable-text stk-block-text stk-block stk-3f346b1\" data-block-id=\"3f346b1\"><p class=\"stk-block-text__text\">Es rentable y garantiza una soluci\u00f3n saludable a largo plazo para la prevenci\u00f3n del consumo de sustancias que se extiende a trav\u00e9s de las generaciones.<\/p><\/div>\n\n\n\n<div class=\"wp-block-stackable-heading stk-block-heading stk-block-heading--v2 stk-block stk-d74ef9a\" id=\"knowledge\" data-block-id=\"d74ef9a\"><style>.stk-d74ef9a {margin-bottom:0px !important;}.stk-d74ef9a .stk-block-heading__text{color:var(--theme-palette-color-2, #4792c4) !important;}<\/style><h4 class=\"stk-block-heading__text has-text-color\">CONOCIMIENTO<\/h4><\/div>\n\n\n\n<div class=\"wp-block-stackable-text stk-block-text stk-block stk-8e33d6d\" data-block-id=\"8e33d6d\"><p class=\"stk-block-text__text\">Sensibilizar y educar para que el condado de Anderson siga a la vanguardia de las estrategias de prevenci\u00f3n eficaces.<\/p><\/div>\n\n\n\n<div class=\"wp-block-stackable-heading stk-block-heading stk-block-heading--v2 stk-block stk-513c1c8\" id=\"compassion\" data-block-id=\"513c1c8\"><style>.stk-513c1c8 {margin-bottom:0px !important;}.stk-513c1c8 .stk-block-heading__text{color:var(--theme-palette-color-2, #4792c4) !important;}<\/style><h4 class=\"stk-block-heading__text has-text-color\">COMPASI\u00d3N<\/h4><\/div>\n\n\n\n<div class=\"wp-block-stackable-text stk-block-text stk-block stk-ab61ec2\" data-block-id=\"ab61ec2\"><p class=\"stk-block-text__text\">Todas las personas merecen la oportunidad de ser miembros activos de nuestra comunidad; la desestigmatizaci\u00f3n de los trastornos por consumo de sustancias es la base para lograrlo.<\/p><\/div>\n\n\n\n<div class=\"wp-block-stackable-heading stk-block-heading stk-block-heading--v2 stk-block stk-f59c5ab\" id=\"proaction\" data-block-id=\"f59c5ab\"><style>.stk-f59c5ab {margin-bottom:0px !important;}.stk-f59c5ab .stk-block-heading__text{color:var(--theme-palette-color-2, #4792c4) !important;}<\/style><h4 class=\"stk-block-heading__text has-text-color\">PROACCI\u00d3N<\/h4><\/div>\n\n\n\n<div class=\"wp-block-stackable-text stk-block-text stk-block stk-44c8a92\" data-block-id=\"44c8a92\"><p class=\"stk-block-text__text\">Satisfacer continuamente las necesidades de la comunidad siendo pioneros en el campo de la prevenci\u00f3n y utilizando datos pr\u00f3ximos para identificar tendencias nuevas y emergentes.<\/p><\/div>\n\n\n\n<div class=\"wp-block-stackable-heading stk-block-heading stk-block-heading--v2 stk-block stk-0981a18\" id=\"connection\" data-block-id=\"0981a18\"><style>.stk-0981a18 {margin-bottom:0px !important;}.stk-0981a18 .stk-block-heading__text{color:var(--theme-palette-color-2, #4792c4) !important;}<\/style><h4 class=\"stk-block-heading__text has-text-color\">CONEXI\u00d3N<\/h4><\/div>\n\n\n\n<div class=\"wp-block-stackable-text stk-block-text stk-block stk-9094b07\" data-block-id=\"9094b07\"><p class=\"stk-block-text__text\">Colaborar con los doce sectores de nuestra comunidad para garantizar que la prevenci\u00f3n sea una prioridad, de modo que podamos ir al encuentro de las personas all\u00ed donde se encuentren.<\/p><\/div>\n\n\n\n<div class=\"wp-block-stackable-heading stk-block-heading stk-block-heading--v2 stk-block stk-26bdfb2\" id=\"progress\" data-block-id=\"26bdfb2\"><style>.stk-26bdfb2 {margin-bottom:0px !important;}.stk-26bdfb2 .stk-block-heading__text{color:var(--theme-palette-color-2, #4792c4) !important;}<\/style><h4 class=\"stk-block-heading__text has-text-color\">PROGRESO<\/h4><\/div>\n\n\n\n<div class=\"wp-block-stackable-text stk-block-text stk-block stk-217d2f9\" data-block-id=\"217d2f9\"><p class=\"stk-block-text__text\">Aplicar un conjunto completo y complementario de estrategias de eficacia probada para prevenir y reducir el abuso de sustancias en el condado de Anderson.<\/p><\/div>\n<\/div><\/div><\/div>\n<\/div><\/div>\n<\/div><\/div><\/div>\n<\/div><\/div>","protected":false},"excerpt":{"rendered":"<p>Mission, Vision, Values Our Mission ASAP of Anderson\u2019s mission is to prevent and reduce substance misuse among youth and adults in Anderson County. Our Vision A drug-free Anderson County. Our Values PREVENTION Is cost effective and ensures a long-term, healthy solution for substance use prevention that spans across generations KNOWLEDGE Raise awareness and provide education [&hellip;]<\/p>\n","protected":false},"author":1,"featured_media":0,"parent":0,"menu_order":0,"comment_status":"closed","ping_status":"closed","template":"","meta":{"footnotes":""},"class_list":["post-7810","page","type-page","status-publish","hentry"],"blocksy_meta":{"has_hero_section":"disabled","vertical_spacing_source":"custom","content_area_spacing":"none","styles_descriptor":{"styles":{"desktop":"","tablet":"","mobile":""},"google_fonts":[],"version":6}},"yoast_head":"<!-- This site is optimized with the Yoast SEO plugin v27.4 - https:\/\/yoast.com\/product\/yoast-seo-wordpress\/ -->\n<title>Mission Vision Values - ASAP of Anderson<\/title>\n<meta name=\"robots\" content=\"index, follow, max-snippet:-1, max-image-preview:large, max-video-preview:-1\" \/>\n<link rel=\"canonical\" href=\"https:\/\/asapofanderson.org\/es\/mission-vision-values\/\" \/>\n<meta property=\"og:locale\" content=\"es_MX\" \/>\n<meta property=\"og:type\" content=\"article\" \/>\n<meta property=\"og:title\" content=\"Mission Vision Values - ASAP of Anderson\" \/>\n<meta property=\"og:description\" content=\"Mission, Vision, Values Our Mission ASAP of Anderson\u2019s mission is to prevent and reduce substance misuse among youth and adults in Anderson County. Our Vision A drug-free Anderson County. Our Values PREVENTION Is cost effective and ensures a long-term, healthy solution for substance use prevention that spans across generations KNOWLEDGE Raise awareness and provide education [&hellip;]\" \/>\n<meta property=\"og:url\" content=\"https:\/\/asapofanderson.org\/es\/mission-vision-values\/\" \/>\n<meta property=\"og:site_name\" content=\"ASAP of Anderson\" \/>\n<meta property=\"article:publisher\" content=\"https:\/\/www.facebook.com\/ASAPofAnderson\" \/>\n<meta property=\"article:modified_time\" content=\"2025-09-04T17:34:22+00:00\" \/>\n<meta name=\"twitter:card\" content=\"summary_large_image\" \/>\n<meta name=\"twitter:label1\" content=\"Tiempo de lectura\" \/>\n\t<meta name=\"twitter:data1\" content=\"1 minuto\" \/>\n<script type=\"application\/ld+json\" class=\"yoast-schema-graph\">{\"@context\":\"https:\\\/\\\/schema.org\",\"@graph\":[{\"@type\":\"WebPage\",\"@id\":\"https:\\\/\\\/asapofanderson.org\\\/mission-vision-values\\\/\",\"url\":\"https:\\\/\\\/asapofanderson.org\\\/mission-vision-values\\\/\",\"name\":\"Mission Vision Values - ASAP of Anderson\",\"isPartOf\":{\"@id\":\"https:\\\/\\\/asapofanderson.org\\\/#website\"},\"datePublished\":\"2025-09-04T17:24:48+00:00\",\"dateModified\":\"2025-09-04T17:34:22+00:00\",\"breadcrumb\":{\"@id\":\"https:\\\/\\\/asapofanderson.org\\\/mission-vision-values\\\/#breadcrumb\"},\"inLanguage\":\"es\",\"potentialAction\":[{\"@type\":\"ReadAction\",\"target\":[\"https:\\\/\\\/asapofanderson.org\\\/mission-vision-values\\\/\"]}]},{\"@type\":\"BreadcrumbList\",\"@id\":\"https:\\\/\\\/asapofanderson.org\\\/mission-vision-values\\\/#breadcrumb\",\"itemListElement\":[{\"@type\":\"ListItem\",\"position\":1,\"name\":\"Home\",\"item\":\"https:\\\/\\\/asapofanderson.org\\\/\"},{\"@type\":\"ListItem\",\"position\":2,\"name\":\"Mission Vision Values\"}]},{\"@type\":\"WebSite\",\"@id\":\"https:\\\/\\\/asapofanderson.org\\\/#website\",\"url\":\"https:\\\/\\\/asapofanderson.org\\\/\",\"name\":\"ASAP of Anderson\",\"description\":\"Preventing Substance Misuse in Anderson County\",\"publisher\":{\"@id\":\"https:\\\/\\\/asapofanderson.org\\\/#organization\"},\"potentialAction\":[{\"@type\":\"SearchAction\",\"target\":{\"@type\":\"EntryPoint\",\"urlTemplate\":\"https:\\\/\\\/asapofanderson.org\\\/?s={search_term_string}\"},\"query-input\":{\"@type\":\"PropertyValueSpecification\",\"valueRequired\":true,\"valueName\":\"search_term_string\"}}],\"inLanguage\":\"es\"},{\"@type\":\"Organization\",\"@id\":\"https:\\\/\\\/asapofanderson.org\\\/#organization\",\"name\":\"ASAP of Anderson\",\"url\":\"https:\\\/\\\/asapofanderson.org\\\/\",\"logo\":{\"@type\":\"ImageObject\",\"inLanguage\":\"es\",\"@id\":\"https:\\\/\\\/asapofanderson.org\\\/#\\\/schema\\\/logo\\\/image\\\/\",\"url\":\"https:\\\/\\\/asapofanderson.org\\\/wp-content\\\/uploads\\\/2025\\\/06\\\/ASAP-Final-Logo.png\",\"contentUrl\":\"https:\\\/\\\/asapofanderson.org\\\/wp-content\\\/uploads\\\/2025\\\/06\\\/ASAP-Final-Logo.png\",\"width\":400,\"height\":157,\"caption\":\"ASAP of Anderson\"},\"image\":{\"@id\":\"https:\\\/\\\/asapofanderson.org\\\/#\\\/schema\\\/logo\\\/image\\\/\"},\"sameAs\":[\"https:\\\/\\\/www.facebook.com\\\/ASAPofAnderson\",\"https:\\\/\\\/www.instagram.com\\\/asapofanderson\\\/\"]}]}<\/script>\n<!-- \/ Yoast SEO plugin. -->","yoast_head_json":{"title":"Mission Vision Values - ASAP of Anderson","robots":{"index":"index","follow":"follow","max-snippet":"max-snippet:-1","max-image-preview":"max-image-preview:large","max-video-preview":"max-video-preview:-1"},"canonical":"https:\/\/asapofanderson.org\/es\/mission-vision-values\/","og_locale":"es_MX","og_type":"article","og_title":"Mission Vision Values - ASAP of Anderson","og_description":"Mission, Vision, Values Our Mission ASAP of Anderson\u2019s mission is to prevent and reduce substance misuse among youth and adults in Anderson County. Our Vision A drug-free Anderson County. Our Values PREVENTION Is cost effective and ensures a long-term, healthy solution for substance use prevention that spans across generations KNOWLEDGE Raise awareness and provide education [&hellip;]","og_url":"https:\/\/asapofanderson.org\/es\/mission-vision-values\/","og_site_name":"ASAP of Anderson","article_publisher":"https:\/\/www.facebook.com\/ASAPofAnderson","article_modified_time":"2025-09-04T17:34:22+00:00","twitter_card":"summary_large_image","twitter_misc":{"Tiempo de lectura":"1 minuto"},"schema":{"@context":"https:\/\/schema.org","@graph":[{"@type":"WebPage","@id":"https:\/\/asapofanderson.org\/mission-vision-values\/","url":"https:\/\/asapofanderson.org\/mission-vision-values\/","name":"Mission Vision Values - ASAP of Anderson","isPartOf":{"@id":"https:\/\/asapofanderson.org\/#website"},"datePublished":"2025-09-04T17:24:48+00:00","dateModified":"2025-09-04T17:34:22+00:00","breadcrumb":{"@id":"https:\/\/asapofanderson.org\/mission-vision-values\/#breadcrumb"},"inLanguage":"es","potentialAction":[{"@type":"ReadAction","target":["https:\/\/asapofanderson.org\/mission-vision-values\/"]}]},{"@type":"BreadcrumbList","@id":"https:\/\/asapofanderson.org\/mission-vision-values\/#breadcrumb","itemListElement":[{"@type":"ListItem","position":1,"name":"Home","item":"https:\/\/asapofanderson.org\/"},{"@type":"ListItem","position":2,"name":"Mission Vision Values"}]},{"@type":"WebSite","@id":"https:\/\/asapofanderson.org\/#website","url":"https:\/\/asapofanderson.org\/","name":"ASAP de Anderson","description":"Preventing Substance Misuse in Anderson County","publisher":{"@id":"https:\/\/asapofanderson.org\/#organization"},"potentialAction":[{"@type":"SearchAction","target":{"@type":"EntryPoint","urlTemplate":"https:\/\/asapofanderson.org\/?s={search_term_string}"},"query-input":{"@type":"PropertyValueSpecification","valueRequired":true,"valueName":"search_term_string"}}],"inLanguage":"es"},{"@type":"Organization","@id":"https:\/\/asapofanderson.org\/#organization","name":"ASAP de Anderson","url":"https:\/\/asapofanderson.org\/","logo":{"@type":"ImageObject","inLanguage":"es","@id":"https:\/\/asapofanderson.org\/#\/schema\/logo\/image\/","url":"https:\/\/asapofanderson.org\/wp-content\/uploads\/2025\/06\/ASAP-Final-Logo.png","contentUrl":"https:\/\/asapofanderson.org\/wp-content\/uploads\/2025\/06\/ASAP-Final-Logo.png","width":400,"height":157,"caption":"ASAP of Anderson"},"image":{"@id":"https:\/\/asapofanderson.org\/#\/schema\/logo\/image\/"},"sameAs":["https:\/\/www.facebook.com\/ASAPofAnderson","https:\/\/www.instagram.com\/asapofanderson\/"]}]}},"_links":{"self":[{"href":"https:\/\/asapofanderson.org\/es\/wp-json\/wp\/v2\/pages\/7810","targetHints":{"allow":["GET"]}}],"collection":[{"href":"https:\/\/asapofanderson.org\/es\/wp-json\/wp\/v2\/pages"}],"about":[{"href":"https:\/\/asapofanderson.org\/es\/wp-json\/wp\/v2\/types\/page"}],"author":[{"embeddable":true,"href":"https:\/\/asapofanderson.org\/es\/wp-json\/wp\/v2\/users\/1"}],"replies":[{"embeddable":true,"href":"https:\/\/asapofanderson.org\/es\/wp-json\/wp\/v2\/comments?post=7810"}],"version-history":[{"count":5,"href":"https:\/\/asapofanderson.org\/es\/wp-json\/wp\/v2\/pages\/7810\/revisions"}],"predecessor-version":[{"id":7818,"href":"https:\/\/asapofanderson.org\/es\/wp-json\/wp\/v2\/pages\/7810\/revisions\/7818"}],"wp:attachment":[{"href":"https:\/\/asapofanderson.org\/es\/wp-json\/wp\/v2\/media?parent=7810"}],"curies":[{"name":"wp","href":"https:\/\/api.w.org\/{rel}","templated":true}]}}